{"id":25,"date":"2017-05-17T20:05:52","date_gmt":"2017-05-17T20:05:52","guid":{"rendered":"https:\/\/doctorisaiasduque.com\/web\/?page_id=25"},"modified":"2025-05-16T19:53:30","modified_gmt":"2025-05-16T19:53:30","slug":"contacto","status":"publish","type":"page","link":"https:\/\/doctorisaiasduque.com\/web\/contacto\/","title":{"rendered":"Contacto"},"content":{"rendered":"<div class=\"wpb-content-wrapper\"><p>[vc_section full_width=\u00bbstretch_row\u00bb][vc_row content_placement=\u00bbtop\u00bb][vc_column offset=\u00bbvc_col-lg-4 vc_col-md-6&#8243;]<div class=\"heading  default align-left color-black transform-default icon-type-hidden   vc_custom_1678973371502 heading-tag-h4\" id=\"like_sc_header_175992203\"><h4 class=\"header ltx-sr-id-like_sc_header_1759922031923125067 ltx-sr ltx-sr-effect-fade_in ltx-sr-el-block ltx-sr-delay-0 ltx-sr-duration-1000 ltx-sr-sequences-0\">DIRECCI\u00d3N<\/h4><\/div>[vc_column_text css=\u00bb.vc_custom_1747425186855{margin-bottom: -10px !important;}\u00bb]<\/p>\n<h6><strong> <img loading=\"lazy\" decoding=\"async\" class=\"alignnone wp-image-7438\" src=\"https:\/\/doctorisaiasduque.com\/web\/wp-content\/uploads\/2023\/05\/Venezuela-300x300.png\" alt=\"\" width=\"25\" height=\"25\" srcset=\"https:\/\/doctorisaiasduque.com\/web\/wp-content\/uploads\/2023\/05\/Venezuela-300x300.png 300w, https:\/\/doctorisaiasduque.com\/web\/wp-content\/uploads\/2023\/05\/Venezuela-150x150.png 150w, https:\/\/doctorisaiasduque.com\/web\/wp-content\/uploads\/2023\/05\/Venezuela-340x340.png 340w, https:\/\/doctorisaiasduque.com\/web\/wp-content\/uploads\/2023\/05\/Venezuela-100x100.png 100w, https:\/\/doctorisaiasduque.com\/web\/wp-content\/uploads\/2023\/05\/Venezuela-24x24.png 24w, https:\/\/doctorisaiasduque.com\/web\/wp-content\/uploads\/2023\/05\/Venezuela-48x48.png 48w, https:\/\/doctorisaiasduque.com\/web\/wp-content\/uploads\/2023\/05\/Venezuela-96x96.png 96w, https:\/\/doctorisaiasduque.com\/web\/wp-content\/uploads\/2023\/05\/Venezuela-492x492.png 492w, https:\/\/doctorisaiasduque.com\/web\/wp-content\/uploads\/2023\/05\/Venezuela-495x512.png 495w, https:\/\/doctorisaiasduque.com\/web\/wp-content\/uploads\/2023\/05\/Venezuela-70x70.png 70w, https:\/\/doctorisaiasduque.com\/web\/wp-content\/uploads\/2023\/05\/Venezuela-125x125.png 125w, https:\/\/doctorisaiasduque.com\/web\/wp-content\/uploads\/2023\/05\/Venezuela.png 512w, https:\/\/doctorisaiasduque.com\/web\/wp-content\/uploads\/2023\/05\/Venezuela-355x355.png 355w\" sizes=\"auto, (max-width: 25px) 100vw, 25px\" \/> VENEZUELA<\/strong><\/h6>\n<p>Cl\u00ednica San Sebasti\u00e1n, Centro de Especialidades CES. Piso 1, Consultorio 1-06. San Crist\u00f3bal, Edo. T\u00e1chira.[\/vc_column_text]<div class=\"align-Left \"><ul class=\"social-icons-list icon-weight-bold\" id=\"like_sc_header_1230643311\"><li class=\" \"><a href=\"https:\/\/wa.me\/584147111049\"><span class=\"ltx-social-color fab fa-whatsapp\"><\/span><span class=\"head\">+58 (414) 711-10-49<\/span><\/a><\/li><li class=\" \"><span class=\"fas fa-phone-alt\"><\/span><span class=\"head\">+58 (276) 353-61-96<\/span><\/li><\/ul><\/div>[vc_column_text css=\u00bb.vc_custom_1747425199755{margin-bottom: -10px !important;}\u00bb]<\/p>\n<h6><strong><img loading=\"lazy\" decoding=\"async\" class=\"alignnone wp-image-7437\" src=\"https:\/\/doctorisaiasduque.com\/web\/wp-content\/uploads\/2023\/05\/Colombia-300x300.png\" alt=\"\" width=\"25\" height=\"25\" srcset=\"https:\/\/doctorisaiasduque.com\/web\/wp-content\/uploads\/2023\/05\/Colombia-300x300.png 300w, https:\/\/doctorisaiasduque.com\/web\/wp-content\/uploads\/2023\/05\/Colombia-150x150.png 150w, https:\/\/doctorisaiasduque.com\/web\/wp-content\/uploads\/2023\/05\/Colombia-340x340.png 340w, https:\/\/doctorisaiasduque.com\/web\/wp-content\/uploads\/2023\/05\/Colombia-100x100.png 100w, https:\/\/doctorisaiasduque.com\/web\/wp-content\/uploads\/2023\/05\/Colombia-24x24.png 24w, https:\/\/doctorisaiasduque.com\/web\/wp-content\/uploads\/2023\/05\/Colombia-48x48.png 48w, https:\/\/doctorisaiasduque.com\/web\/wp-content\/uploads\/2023\/05\/Colombia-96x96.png 96w, https:\/\/doctorisaiasduque.com\/web\/wp-content\/uploads\/2023\/05\/Colombia-492x492.png 492w, https:\/\/doctorisaiasduque.com\/web\/wp-content\/uploads\/2023\/05\/Colombia-495x512.png 495w, https:\/\/doctorisaiasduque.com\/web\/wp-content\/uploads\/2023\/05\/Colombia-70x70.png 70w, https:\/\/doctorisaiasduque.com\/web\/wp-content\/uploads\/2023\/05\/Colombia-125x125.png 125w, https:\/\/doctorisaiasduque.com\/web\/wp-content\/uploads\/2023\/05\/Colombia.png 512w, https:\/\/doctorisaiasduque.com\/web\/wp-content\/uploads\/2023\/05\/Colombia-355x355.png 355w\" sizes=\"auto, (max-width: 25px) 100vw, 25px\" \/> COLOMBIA<\/strong><\/h6>\n<p data-pm-slice=\"1 1 []\">Jeric\u00f3 Centro M\u00e9dico de Especialistas, Piso 6, Consultorio 610, C\u00facuta, Norte\u00a0de\u00a0Santander.<\/p>\n<p>[\/vc_column_text]<div class=\"align-Left \"><ul class=\"social-icons-list icon-weight-bold\" id=\"like_sc_header_1394119109\"><li class=\" \"><a href=\"https:\/\/wa.me\/573112835620\"><span class=\"ltx-social-color fab fa-whatsapp\"><\/span><span class=\"head\">+57 (311) 283-56-20<\/span><\/a><\/li><li class=\" \"><span class=\"fas fa-phone-alt\"><\/span><span class=\"head\">+57 (7) 589-15-95<\/span><\/li><\/ul><\/div>[vc_column_text css=\u00bb.vc_custom_1684166333454{margin-top: -50px !important;margin-bottom: -10px !important;}\u00bb]Cl\u00ednica los \u00c1lamos, Consultorio 1, Av 33 # 76-110 Laureles, Medell\u00edn, Antioquia.[\/vc_column_text]<div class=\"align-Left \"><ul class=\"social-icons-list icon-weight-bold\" id=\"like_sc_header_2007092956\"><li class=\" \"><a href=\"https:\/\/wa.me\/573138659833\"><span class=\"ltx-social-color fab fa-whatsapp\"><\/span><span class=\"head\">+57 (313) 865-98-33<\/span><\/a><\/li><\/ul><\/div>[\/vc_column][vc_column css=\u00bb.vc_custom_1518129269758{margin-top: 0px !important;padding-top: 0px !important;background-image: url(https:\/\/doctorisaiasduque.com\/web\/wp-content\/uploads\/2017\/05\/contact-bg.png?id=2234) !important;background-position: center !important;background-repeat: no-repeat !important;background-size: cover !important;}\u00bb offset=\u00bbvc_col-lg-4 vc_col-md-6&#8243;]<div class=\"es-resp\">\t<div class=\"visible-xl\" style=\"height: 0px;\"><\/div>\t<div class=\"hidden-xl hidden-md hidden-sm hidden-ms hidden-xs\" style=\"height: 0px;\"><\/div>\t<div class=\"visible-md\" style=\"height: 0px;\"><\/div>\t<div class=\"visible-sm \" style=\"height: 48px;\"><\/div>\t<div class=\"visible-ms\" style=\"height: 48px;\"><\/div>\t<div class=\"visible-xs\" style=\"height: 48px;\"><\/div><\/div><div class=\"heading  default align-left color-black subcolor-main transform-default icon-type-hidden   vc_custom_1678973379242 heading-tag-h4\" id=\"like_sc_header_792955339\"><h4 class=\"header ltx-sr-id-like_sc_header_7929553391942956167 ltx-sr ltx-sr-effect-fade_in ltx-sr-el-block ltx-sr-delay-0 ltx-sr-duration-1000 ltx-sr-sequences-0\">HORARIO<\/h4><\/div>[vc_column_text]<span class=\"line-height-2\"><strong>Lunes a Viernes:<\/strong><br \/>\n8:00 am &#8211; 12:00 m<br \/>\n2:00 pm &#8211; 6:00 pm<br \/>\n<strong>Consulta con previa cita<\/strong><br \/>\n<\/span>[\/vc_column_text]<div class=\"align-Left \"><ul class=\"social-big icon-weight-bold\" id=\"like_sc_header_317124184\"><li><a href=\"https:\/\/www.facebook.com\/drisaiasduquecirugiaplastica\/\" class=\"ltx-social-color fab fa-facebook\"><\/a><\/li><li><a href=\"https:\/\/twitter.com\/drduquecirplast\/\" class=\"ltx-social-color fab fa-twitter\"><\/a><\/li><li><a href=\"https:\/\/www.instagram.com\/dr.isaiasduque\/\" class=\"ltx-social-color fab fa-instagram\"><\/a><\/li><\/ul><\/div><div class=\"es-resp\">\t<div class=\"visible-xl\" style=\"height: 64px;\"><\/div>\t<div class=\"hidden-xl hidden-md hidden-sm hidden-ms hidden-xs\" style=\"height: 28px;\"><\/div>\t<div class=\"visible-md\" style=\"height: 28px;\"><\/div>\t<div class=\"visible-sm \" style=\"height: 28px;\"><\/div>\t<div class=\"visible-ms\" style=\"height: 32px;\"><\/div>\t<div class=\"visible-xs\" style=\"height: 32px;\"><\/div><\/div>[\/vc_column][vc_column offset=\u00bbvc_col-lg-4 vc_col-md-12&#8243;]<div class=\"es-resp\">\t<div class=\"visible-xl\" style=\"height: 0px;\"><\/div>\t<div class=\"hidden-xl hidden-md hidden-sm hidden-ms hidden-xs\" style=\"height: 0px;\"><\/div>\t<div class=\"visible-md\" style=\"height: 16px;\"><\/div>\t<div class=\"visible-sm \" style=\"height: 16px;\"><\/div>\t<div class=\"visible-ms\" style=\"height: 16px;\"><\/div>\t<div class=\"visible-xs\" style=\"height: 32px;\"><\/div><\/div><div class=\"heading  default align-left color-black subcolor-main transform-default icon-type-hidden   vc_custom_1678973475227 heading-tag-h4\" id=\"like_sc_header_2043291009\"><h4 class=\"header ltx-sr-id-like_sc_header_2043291009634288978 ltx-sr ltx-sr-effect-fade_in ltx-sr-el-block ltx-sr-delay-0 ltx-sr-duration-1000 ltx-sr-sequences-0\">ESCR\u00cdBENOS<\/h4><\/div><div class=\"ltx-contact-form-7 transform-default form-center form-gray form-bg-gray form-style-default form-btn-default form-btn-default form-padding-default    vc_custom_1526907539863\" id=\"like_sc_contact_form_7_166946582\">\n<div class=\"wpcf7 no-js\" id=\"wpcf7-f1555-o1\" lang=\"en-US\" dir=\"ltr\" data-wpcf7-id=\"1555\">\n<div class=\"screen-reader-response\"><p role=\"status\" aria-live=\"polite\" aria-atomic=\"true\"><\/p> <ul><\/ul><\/div>\n<form action=\"\/web\/wp-json\/wp\/v2\/pages\/25#wpcf7-f1555-o1\" method=\"post\" class=\"wpcf7-form init\" aria-label=\"Contact form\" novalidate=\"novalidate\" data-status=\"init\">\n<div style=\"display: none;\">\n<input type=\"hidden\" name=\"_wpcf7\" value=\"1555\" \/>\n<input type=\"hidden\" name=\"_wpcf7_version\" value=\"6.0.6\" \/>\n<input type=\"hidden\" name=\"_wpcf7_locale\" value=\"en_US\" \/>\n<input type=\"hidden\" name=\"_wpcf7_unit_tag\" value=\"wpcf7-f1555-o1\" \/>\n<input type=\"hidden\" name=\"_wpcf7_container_post\" value=\"0\" \/>\n<input type=\"hidden\" name=\"_wpcf7_posted_data_hash\" value=\"\" \/>\n<\/div>\n<p><span class=\"wpcf7-form-control-wrap\" data-name=\"field-header\"><input size=\"40\" maxlength=\"400\" class=\"wpcf7-form-control wpcf7-text wpcf7-validates-as-required\" aria-required=\"true\" aria-invalid=\"false\" placeholder=\"Nombre\" value=\"\" type=\"text\" name=\"field-header\" \/><\/span>\n<\/p>\n<p><span class=\"wpcf7-form-control-wrap\" data-name=\"field-header2\"><input size=\"40\" maxlength=\"400\" class=\"wpcf7-form-control wpcf7-text wpcf7-validates-as-required\" aria-required=\"true\" aria-invalid=\"false\" placeholder=\"Correo\" value=\"\" type=\"text\" name=\"field-header2\" \/><\/span>\n<\/p>\n<p><span class=\"wpcf7-form-control-wrap\" data-name=\"field-header-3\"><textarea cols=\"40\" rows=\"10\" maxlength=\"2000\" class=\"wpcf7-form-control wpcf7-textarea\" aria-invalid=\"false\" placeholder=\"Asunto\" name=\"field-header-3\"><\/textarea><\/span>\n<\/p>\n<p><input class=\"wpcf7-form-control wpcf7-submit has-spinner\" type=\"submit\" value=\"Enviar\" \/>\n<\/p><div class=\"wpcf7-response-output\" aria-hidden=\"true\"><\/div>\n<\/form>\n<\/div>\n<\/div>[\/vc_column][\/vc_row][vc_row][vc_column][vc_empty_space height=\u00bb72&#8243;][\/vc_column][\/vc_row][\/vc_section][vc_row full_width=\u00bbstretch_row_content_no_spaces\u00bb css=\u00bb.vc_custom_1538478005860{margin-bottom: -60px !important;}\u00bb][vc_column][vc_gmaps link=\u00bb#E-8_JTNDaWZyYW1lJTIwc3JjJTNEJTIyaHR0cHMlM0ElMkYlMkZ3d3cuZ29vZ2xlLmNvbSUyRm1hcHMlMkZlbWJlZCUzRnBiJTNEJTIxMW0xOCUyMTFtMTIlMjExbTMlMjExZDM5NTMuMDY1OTczNzk0MzYyNCUyMTJkLTcyLjIyMDc0Nzk4NDcwNDk2JTIxM2Q3Ljc4MjgzMDA1OTM5OTg4MiUyMTJtMyUyMTFmMCUyMTJmMCUyMTNmMCUyMTNtMiUyMTFpMTAyNCUyMTJpNzY4JTIxNGYxMy4xJTIxM20zJTIxMW0yJTIxMXMweDhlNjY2YzhkZTdiY2ZkZGIlMjUzQTB4YThjOTFjOWVmOTI0YzQ5MyUyMTJzRHIuJTI1MjBJc2FpYXMlMjUyMER1cXVlJTIxNWUwJTIxM20yJTIxMXNlcyUyMTJzdmUlMjE0djE2Nzg5NzMwMTEzMjElMjE1bTIlMjExc2VzJTIxMnN2ZSUyMiUyMHdpZHRoJTNEJTIyODAwJTIyJTIwaGVpZ2h0JTNEJTIyNjAwJTIyJTIwc3R5bGUlM0QlMjJib3JkZXIlM0EwJTNCJTIyJTIwYWxsb3dmdWxsc2NyZWVuJTNEJTIyJTIyJTIwbG9hZGluZyUzRCUyMmxhenklMjIlMjByZWZlcnJlcnBvbGljeSUzRCUyMm5vLXJlZmVycmVyLXdoZW4tZG93bmdyYWRlJTIyJTNFJTNDJTJGaWZyYW1lJTNF\u00bb css_animation=\u00bbfadeIn\u00bb css=\u00bb.vc_custom_1678973312887{padding-right: 20px !important;padding-left: 20px !important;}\u00bb][vc_empty_space height=\u00bb72&#8243;][\/vc_column][\/vc_row][vc_row][vc_column][vc_empty_space height=\u00bb72&#8243;][\/vc_column][\/vc_row]<\/p>\n<\/div>","protected":false},"excerpt":{"rendered":"<p>[vc_section full_width=\u00bbstretch_row\u00bb][vc_row content_placement=\u00bbtop\u00bb][vc_column offset=\u00bbvc_col-lg-4 vc_col-md-6&#8243;][vc_column_text css=\u00bb.vc_custom_1747425186855{margin-bottom: -10px !important;}\u00bb] VENEZUELA Cl\u00ednica San Sebasti\u00e1n, Centro de Especialidades CES. Piso 1, Consultorio 1-06. San Crist\u00f3bal, Edo. T\u00e1chira.[\/vc_column_text][vc_column_text css=\u00bb.vc_custom_1747425199755{margin-bottom: -10px !important;}\u00bb] COLOMBIA Jeric\u00f3 Centro M\u00e9dico de Especialistas, Piso 6, Consultorio 610, C\u00facuta, Norte\u00a0de\u00a0Santander. [\/vc_column_text][vc_column_text css=\u00bb.vc_custom_1684166333454{margin-top: -50px !important;margin-bottom: -10px !important;}\u00bb]Cl\u00ednica los \u00c1lamos, Consultorio 1, Av 33 # 76-110 Laureles, Medell\u00edn, Antioquia.[\/vc_column_text][\/vc_column][vc_column css=\u00bb.vc_custom_1518129269758{margin-top: 0px !important;padding-top: 0px !important;background-image: url(https:\/\/doctorisaiasduque.com\/web\/wp-content\/uploads\/2017\/05\/contact-bg.png?id=2234) !important;background-position: center !important;background-repeat: no-repeat !important;background-size: cover !important;}\u00bb offset=\u00bbvc_col-lg-4 vc_col-md-6&#8243;][vc_column_text]Lunes a Viernes: 8:00 am &#8211; 12:00 m 2:00 pm &#8211; 6:00 pm Consulta con previa cita [\/vc_column_text][\/vc_column][vc_column offset=\u00bbvc_col-lg-4 vc_col-md-12&#8243;][\/vc_column][\/vc_row][vc_row][vc_column][vc_empty_space height=\u00bb72&#8243;][\/vc_column][\/vc_row][\/vc_section][vc_row full_width=\u00bbstretch_row_content_no_spaces\u00bb css=\u00bb.vc_custom_1538478005860{margin-bottom: -60px !important;}\u00bb][vc_column][vc_gmaps link=\u00bb#E-8_JTNDaWZyYW1lJTIwc3JjJTNEJTIyaHR0cHMlM0ElMkYlMkZ3d3cuZ29vZ2xlLmNvbSUyRm1hcHMlMkZlbWJlZCUzRnBiJTNEJTIxMW0xOCUyMTFtMTIlMjExbTMlMjExZDM5NTMuMDY1OTczNzk0MzYyNCUyMTJkLTcyLjIyMDc0Nzk4NDcwNDk2JTIxM2Q3Ljc4MjgzMDA1OTM5OTg4MiUyMTJtMyUyMTFmMCUyMTJmMCUyMTNmMCUyMTNtMiUyMTFpMTAyNCUyMTJpNzY4JTIxNGYxMy4xJTIxM20zJTIxMW0yJTIxMXMweDhlNjY2YzhkZTdiY2ZkZGIlMjUzQTB4YThjOTFjOWVmOTI0YzQ5MyUyMTJzRHIuJTI1MjBJc2FpYXMlMjUyMER1cXVlJTIxNWUwJTIxM20yJTIxMXNlcyUyMTJzdmUlMjE0djE2Nzg5NzMwMTEzMjElMjE1bTIlMjExc2VzJTIxMnN2ZSUyMiUyMHdpZHRoJTNEJTIyODAwJTIyJTIwaGVpZ2h0JTNEJTIyNjAwJTIyJTIwc3R5bGUlM0QlMjJib3JkZXIlM0EwJTNCJTIyJTIwYWxsb3dmdWxsc2NyZWVuJTNEJTIyJTIyJTIwbG9hZGluZyUzRCUyMmxhenklMjIlMjByZWZlcnJlcnBvbGljeSUzRCUyMm5vLXJlZmVycmVyLXdoZW4tZG93bmdyYWRlJTIyJTNFJTNDJTJGaWZyYW1lJTNF\u00bb css_animation=\u00bbfadeIn\u00bb css=\u00bb.vc_custom_1678973312887{padding-right: 20px !important;padding-left: 20px !important;}\u00bb][vc_empty_space height=\u00bb72&#8243;][\/vc_column][\/vc_row][vc_row][vc_column][vc_empty_space height=\u00bb72&#8243;][\/vc_column][\/vc_row]<\/p>\n","protected":false},"author":1,"featured_media":0,"parent":0,"menu_order":0,"comment_status":"closed","ping_status":"closed","template":"","meta":{"footnotes":""},"class_list":["post-25","page","type-page","status-publish","hentry"],"_links":{"self":[{"href":"https:\/\/doctorisaiasduque.com\/web\/wp-json\/wp\/v2\/pages\/25","targetHints":{"allow":["GET"]}}],"collection":[{"href":"https:\/\/doctorisaiasduque.com\/web\/wp-json\/wp\/v2\/pages"}],"about":[{"href":"https:\/\/doctorisaiasduque.com\/web\/wp-json\/wp\/v2\/types\/page"}],"author":[{"embeddable":true,"href":"https:\/\/doctorisaiasduque.com\/web\/wp-json\/wp\/v2\/users\/1"}],"replies":[{"embeddable":true,"href":"https:\/\/doctorisaiasduque.com\/web\/wp-json\/wp\/v2\/comments?post=25"}],"version-history":[{"count":27,"href":"https:\/\/doctorisaiasduque.com\/web\/wp-json\/wp\/v2\/pages\/25\/revisions"}],"predecessor-version":[{"id":7644,"href":"https:\/\/doctorisaiasduque.com\/web\/wp-json\/wp\/v2\/pages\/25\/revisions\/7644"}],"wp:attachment":[{"href":"https:\/\/doctorisaiasduque.com\/web\/wp-json\/wp\/v2\/media?parent=25"}],"curies":[{"name":"wp","href":"https:\/\/api.w.org\/{rel}","templated":true}]}}